{"id":60,"date":"2021-10-17T08:23:10","date_gmt":"2021-10-17T08:23:10","guid":{"rendered":"http:\/\/www.detouteslescouleurs.fr\/?page_id=60"},"modified":"2026-05-11T16:35:36","modified_gmt":"2026-05-11T16:35:36","slug":"qui","status":"publish","type":"page","link":"https:\/\/www.detouteslescouleurs.fr\/?page_id=60","title":{"rendered":"Qui sommes-nous"},"content":{"rendered":"\t\t<div data-elementor-type=\"wp-page\" data-elementor-id=\"60\" class=\"elementor elementor-60\" data-elementor-settings=\"[]\">\n\t\t\t\t\t\t\t<div class=\"elementor-section-wrap\">\n\t\t\t\t\t\t\t<section class=\"elementor-section elementor-top-section elementor-element elementor-element-631ed09 elementor-section-boxed elementor-section-height-default elementor-section-height-default\" data-id=\"631ed09\" data-element_type=\"section\">\n\t\t\t\t\t\t<div class=\"elementor-container elementor-column-gap-default\">\n\t\t\t\t\t<div class=\"elementor-column elementor-col-100 elementor-top-column elementor-element elementor-element-d71cb3a\" data-id=\"d71cb3a\" data-element_type=\"column\">\n\t\t\t<div class=\"elementor-widget-wrap elementor-element-populated\">\n\t\t\t\t\t\t\t\t<div class=\"elementor-element elementor-element-12a85f4 elementor-widget elementor-widget-heading\" data-id=\"12a85f4\" data-element_type=\"widget\" data-widget_type=\"heading.default\">\n\t\t\t\t<div class=\"elementor-widget-container\">\n\t\t\t<h2 class=\"elementor-heading-title elementor-size-default\">Qui sommes-nous?Qei<\/h2>\t\t<\/div>\n\t\t\t\t<\/div>\n\t\t\t\t\t<\/div>\n\t\t<\/div>\n\t\t\t\t\t\t\t<\/div>\n\t\t<\/section>\n\t\t\t\t<section class=\"elementor-section elementor-top-section elementor-element elementor-element-d610f21 elementor-section-boxed elementor-section-height-default elementor-section-height-default\" data-id=\"d610f21\" data-element_type=\"section\">\n\t\t\t\t\t\t<div class=\"elementor-container elementor-column-gap-default\">\n\t\t\t\t\t<div class=\"elementor-column elementor-col-100 elementor-top-column elementor-element elementor-element-6eb7bcd\" data-id=\"6eb7bcd\" data-element_type=\"column\">\n\t\t\t<div class=\"elementor-widget-wrap elementor-element-populated\">\n\t\t\t\t\t\t\t\t<div class=\"elementor-element elementor-element-91b4ce5 elementor-widget elementor-widget-heading\" data-id=\"91b4ce5\" data-element_type=\"widget\" data-widget_type=\"heading.default\">\n\t\t\t\t<div class=\"elementor-widget-container\">\n\t\t\t<h2 class=\"elementor-heading-title elementor-size-default\">Qui sommes-nous?<\/h2>\t\t<\/div>\n\t\t\t\t<\/div>\n\t\t\t\t\t<\/div>\n\t\t<\/div>\n\t\t\t\t\t\t\t<\/div>\n\t\t<\/section>\n\t\t\t\t<section class=\"elementor-section elementor-top-section elementor-element elementor-element-0b2dca8 elementor-section-boxed elementor-section-height-default elementor-section-height-default\" data-id=\"0b2dca8\" data-element_type=\"section\">\n\t\t\t\t\t\t<div class=\"elementor-container elementor-column-gap-default\">\n\t\t\t\t\t<div class=\"elementor-column elementor-col-50 elementor-top-column elementor-element elementor-element-edee60a\" data-id=\"edee60a\" data-element_type=\"column\">\n\t\t\t<div class=\"elementor-widget-wrap elementor-element-populated\">\n\t\t\t\t\t\t\t\t<div class=\"elementor-element elementor-element-fa3e923 elementor-widget elementor-widget-text-editor\" data-id=\"fa3e923\" data-element_type=\"widget\" data-widget_type=\"text-editor.default\">\n\t\t\t\t<div class=\"elementor-widget-container\">\n\t\t\t\t\t\t\t<p>\u00a0<\/p><p>\u00a0<\/p><p>L&rsquo;association De toutes les couleurs &#8211; Ensemble autour de la d\u00e9l\u00e9tion 16p11.2 a \u00e9t\u00e9 cr\u00e9\u00e9e le 29 septembre 2021 par la famille Quinones Simard. Suite au diagnostic de leurs jumeaux de 3 ans en 2018, la cr\u00e9ation d&rsquo;une association leur a paru indispensable. En effet, le manque d&rsquo;informations sur le sujet, la difficult\u00e9 \u00e0 trouver d&rsquo;autres familles concern\u00e9es, le peu de ressources scientifiques, sont de v\u00e9ritables sources d&rsquo;isolement sans compter le quotidien tant impact\u00e9 par la prise en charge de la maladie. L&rsquo;id\u00e9e de la cr\u00e9ation de l&rsquo;association par la famille est donc de donner l&rsquo;impulsion \u00e0 un projet collectif par et pour toutes les personnes concern\u00e9es.\u00a0<\/p><p>\u00a0<\/p><p>\u00a0<\/p>\t\t\t\t\t\t<\/div>\n\t\t\t\t<\/div>\n\t\t\t\t\t<\/div>\n\t\t<\/div>\n\t\t\t\t<div class=\"elementor-column elementor-col-50 elementor-top-column elementor-element elementor-element-8180d7e\" data-id=\"8180d7e\" data-element_type=\"column\">\n\t\t\t<div class=\"elementor-widget-wrap elementor-element-populated\">\n\t\t\t\t\t\t\t\t<div class=\"elementor-element elementor-element-d47c64e elementor-widget elementor-widget-image\" data-id=\"d47c64e\" data-element_type=\"widget\" data-widget_type=\"image.default\">\n\t\t\t\t<div class=\"elementor-widget-container\">\n\t\t\t\t\t\t\t\t\t\t\t\t\t\t\t<img loading=\"lazy\" decoding=\"async\" width=\"227\" height=\"300\" src=\"https:\/\/www.detouteslescouleurs.fr\/wp-content\/uploads\/2021\/11\/IMG_2277-1-227x300.jpg\" class=\"attachment-medium size-medium\" alt=\"\" srcset=\"https:\/\/www.detouteslescouleurs.fr\/wp-content\/uploads\/2021\/11\/IMG_2277-1-227x300.jpg 227w, https:\/\/www.detouteslescouleurs.fr\/wp-content\/uploads\/2021\/11\/IMG_2277-1-774x1024.jpg 774w, https:\/\/www.detouteslescouleurs.fr\/wp-content\/uploads\/2021\/11\/IMG_2277-1-768x1017.jpg 768w, https:\/\/www.detouteslescouleurs.fr\/wp-content\/uploads\/2021\/11\/IMG_2277-1.jpg 1066w\" sizes=\"auto, (max-width: 227px) 100vw, 227px\" \/>\t\t\t\t\t\t\t\t\t\t\t\t\t\t\t<\/div>\n\t\t\t\t<\/div>\n\t\t\t\t\t<\/div>\n\t\t<\/div>\n\t\t\t\t\t\t\t<\/div>\n\t\t<\/section>\n\t\t\t\t<section class=\"elementor-section elementor-top-section elementor-element elementor-element-3047626 elementor-section-boxed elementor-section-height-default elementor-section-height-default\" data-id=\"3047626\" data-element_type=\"section\">\n\t\t\t\t\t\t<div class=\"elementor-container elementor-column-gap-default\">\n\t\t\t\t\t<div class=\"elementor-column elementor-col-100 elementor-top-column elementor-element elementor-element-e2bdc76\" data-id=\"e2bdc76\" data-element_type=\"column\">\n\t\t\t<div class=\"elementor-widget-wrap elementor-element-populated\">\n\t\t\t\t\t\t\t\t<div class=\"elementor-element elementor-element-f20de44 elementor-view-default elementor-widget elementor-widget-icon\" data-id=\"f20de44\" data-element_type=\"widget\" data-widget_type=\"icon.default\">\n\t\t\t\t<div class=\"elementor-widget-container\">\n\t\t\t\t\t<div class=\"elementor-icon-wrapper\">\n\t\t\t<div class=\"elementor-icon\">\n\t\t\t<i aria-hidden=\"true\" class=\"fas fa-star\"><\/i>\t\t\t<\/div>\n\t\t<\/div>\n\t\t\t\t<\/div>\n\t\t\t\t<\/div>\n\t\t\t\t\t<\/div>\n\t\t<\/div>\n\t\t\t\t\t\t\t<\/div>\n\t\t<\/section>\n\t\t\t\t\t\t<\/div>\n\t\t\t\t\t<\/div>\n\t\t","protected":false},"excerpt":{"rendered":"<p>Qui sommes-nous?Qei Qui sommes-nous? \u00a0 \u00a0 L&rsquo;association De toutes les couleurs &#8211; Ensemble autour de la d\u00e9l\u00e9tion 16p11.2 a \u00e9t\u00e9 cr\u00e9\u00e9e le 29 septembre 2021 par la famille Quinones Simard. Suite au diagnostic de leurs jumeaux de 3 ans en 2018, la cr\u00e9ation d&rsquo;une association leur a paru indispensable. En effet, le manque d&rsquo;informations sur [&hellip;]<\/p>\n","protected":false},"author":1,"featured_media":0,"parent":0,"menu_order":0,"comment_status":"closed","ping_status":"closed","template":"elementor_header_footer","meta":{"footnotes":""},"class_list":["post-60","page","type-page","status-publish","hentry"],"_links":{"self":[{"href":"https:\/\/www.detouteslescouleurs.fr\/index.php?rest_route=\/wp\/v2\/pages\/60","targetHints":{"allow":["GET"]}}],"collection":[{"href":"https:\/\/www.detouteslescouleurs.fr\/index.php?rest_route=\/wp\/v2\/pages"}],"about":[{"href":"https:\/\/www.detouteslescouleurs.fr\/index.php?rest_route=\/wp\/v2\/types\/page"}],"author":[{"embeddable":true,"href":"https:\/\/www.detouteslescouleurs.fr\/index.php?rest_route=\/wp\/v2\/users\/1"}],"replies":[{"embeddable":true,"href":"https:\/\/www.detouteslescouleurs.fr\/index.php?rest_route=%2Fwp%2Fv2%2Fcomments&post=60"}],"version-history":[{"count":63,"href":"https:\/\/www.detouteslescouleurs.fr\/index.php?rest_route=\/wp\/v2\/pages\/60\/revisions"}],"predecessor-version":[{"id":1243,"href":"https:\/\/www.detouteslescouleurs.fr\/index.php?rest_route=\/wp\/v2\/pages\/60\/revisions\/1243"}],"wp:attachment":[{"href":"https:\/\/www.detouteslescouleurs.fr\/index.php?rest_route=%2Fwp%2Fv2%2Fmedia&parent=60"}],"curies":[{"name":"wp","href":"https:\/\/api.w.org\/{rel}","templated":true}]}}