{"id":371,"date":"2021-10-31T09:15:48","date_gmt":"2021-10-31T09:15:48","guid":{"rendered":"http:\/\/www.detouteslescouleurs.fr\/?page_id=371"},"modified":"2026-03-09T08:18:32","modified_gmt":"2026-03-09T08:18:32","slug":"syndrome","status":"publish","type":"page","link":"https:\/\/www.detouteslescouleurs.fr\/?page_id=371","title":{"rendered":"Syndrome"},"content":{"rendered":"\t\t<div data-elementor-type=\"wp-page\" data-elementor-id=\"371\" class=\"elementor elementor-371\" data-elementor-settings=\"[]\">\n\t\t\t\t\t\t\t<div class=\"elementor-section-wrap\">\n\t\t\t\t\t\t\t<section class=\"elementor-section elementor-top-section elementor-element elementor-element-86ebb28 elementor-section-boxed elementor-section-height-default elementor-section-height-default\" data-id=\"86ebb28\" data-element_type=\"section\">\n\t\t\t\t\t\t<div class=\"elementor-container elementor-column-gap-default\">\n\t\t\t\t\t<div class=\"elementor-column elementor-col-100 elementor-top-column elementor-element elementor-element-5a00636\" data-id=\"5a00636\" data-element_type=\"column\">\n\t\t\t<div class=\"elementor-widget-wrap elementor-element-populated\">\n\t\t\t\t\t\t\t\t<div class=\"elementor-element elementor-element-7ebd8d4 elementor-widget elementor-widget-heading\" data-id=\"7ebd8d4\" data-element_type=\"widget\" data-widget_type=\"heading.default\">\n\t\t\t\t<div class=\"elementor-widget-container\">\n\t\t\t<h2 class=\"elementor-heading-title elementor-size-default\">Le syndrome  <\/h2>\t\t<\/div>\n\t\t\t\t<\/div>\n\t\t\t\t\t<\/div>\n\t\t<\/div>\n\t\t\t\t\t\t\t<\/div>\n\t\t<\/section>\n\t\t\t\t<section class=\"elementor-section elementor-top-section elementor-element elementor-element-04008aa elementor-section-boxed elementor-section-height-default elementor-section-height-default\" data-id=\"04008aa\" data-element_type=\"section\">\n\t\t\t\t\t\t<div class=\"elementor-container elementor-column-gap-default\">\n\t\t\t\t\t<div class=\"elementor-column elementor-col-100 elementor-top-column elementor-element elementor-element-f1727b2\" data-id=\"f1727b2\" data-element_type=\"column\">\n\t\t\t<div class=\"elementor-widget-wrap elementor-element-populated\">\n\t\t\t\t\t\t\t\t<div class=\"elementor-element elementor-element-902b22c elementor-widget elementor-widget-heading\" data-id=\"902b22c\" data-element_type=\"widget\" data-widget_type=\"heading.default\">\n\t\t\t\t<div class=\"elementor-widget-container\">\n\t\t\t<h2 class=\"elementor-heading-title elementor-size-default\">DEFINITION<\/h2>\t\t<\/div>\n\t\t\t\t<\/div>\n\t\t\t\t\t<\/div>\n\t\t<\/div>\n\t\t\t\t\t\t\t<\/div>\n\t\t<\/section>\n\t\t\t\t<section class=\"elementor-section elementor-top-section elementor-element elementor-element-b6b485d elementor-section-boxed elementor-section-height-default elementor-section-height-default\" data-id=\"b6b485d\" data-element_type=\"section\">\n\t\t\t\t\t\t<div class=\"elementor-container elementor-column-gap-default\">\n\t\t\t\t\t<div class=\"elementor-column elementor-col-100 elementor-top-column elementor-element elementor-element-c91047c\" data-id=\"c91047c\" data-element_type=\"column\">\n\t\t\t<div class=\"elementor-widget-wrap elementor-element-populated\">\n\t\t\t\t\t\t\t\t<div class=\"elementor-element elementor-element-2c9238a elementor-widget elementor-widget-text-editor\" data-id=\"2c9238a\" data-element_type=\"widget\" data-widget_type=\"text-editor.default\">\n\t\t\t\t<div class=\"elementor-widget-container\">\n\t\t\t\t\t\t\t<p><span style=\"color: var( --e-global-color-text ); font-family: var( --e-global-typography-text-font-family ), Sans-serif; font-weight: var( --e-global-typography-text-font-weight ); font-size: 1rem;\">Le syndrome de microd\u00e9l\u00e9tion 16p11.2 est un syndrome rare d&rsquo;anomalie chromosomique r\u00e9sultant de la d\u00e9l\u00e9tion partielle du bras court du chromosome 16. Chez les personnes touch\u00e9es, cela veut dire qu&rsquo;une petite quantit\u00e9 d&rsquo;ADN du chromosome 16 a \u00e9t\u00e9 perdue.<\/span><\/p><p>La manifestation et l&rsquo;importance des troubles que cela va g\u00e9n\u00e9rer d\u00e9pendent de la quantit\u00e9 de mat\u00e9riel g\u00e9n\u00e9tique perdue et de l&rsquo;endroit o\u00f9 se trouve la d\u00e9l\u00e9tion.<\/p><p>On recense 3 groupes\u00a0 en fonction de la r\u00e9gion et de la structure de la d\u00e9l\u00e9tion.<\/p>\t\t\t\t\t\t<\/div>\n\t\t\t\t<\/div>\n\t\t\t\t\t<\/div>\n\t\t<\/div>\n\t\t\t\t\t\t\t<\/div>\n\t\t<\/section>\n\t\t\t\t<section class=\"elementor-section elementor-top-section elementor-element elementor-element-186477b elementor-section-boxed elementor-section-height-default elementor-section-height-default\" data-id=\"186477b\" data-element_type=\"section\">\n\t\t\t\t\t\t<div class=\"elementor-container elementor-column-gap-default\">\n\t\t\t\t\t<div class=\"elementor-column elementor-col-100 elementor-top-column elementor-element elementor-element-2e443ff\" data-id=\"2e443ff\" data-element_type=\"column\">\n\t\t\t<div class=\"elementor-widget-wrap elementor-element-populated\">\n\t\t\t\t\t\t\t\t<div class=\"elementor-element elementor-element-e9723ba elementor-widget elementor-widget-image\" data-id=\"e9723ba\" data-element_type=\"widget\" data-widget_type=\"image.default\">\n\t\t\t\t<div class=\"elementor-widget-container\">\n\t\t\t\t\t\t\t\t\t\t\t\t\t\t\t<img loading=\"lazy\" decoding=\"async\" width=\"768\" height=\"301\" src=\"https:\/\/www.detouteslescouleurs.fr\/wp-content\/uploads\/2021\/10\/IMG_1675-768x301.jpg\" class=\"attachment-medium_large size-medium_large\" alt=\"\" srcset=\"https:\/\/www.detouteslescouleurs.fr\/wp-content\/uploads\/2021\/10\/IMG_1675-768x301.jpg 768w, https:\/\/www.detouteslescouleurs.fr\/wp-content\/uploads\/2021\/10\/IMG_1675-300x118.jpg 300w, https:\/\/www.detouteslescouleurs.fr\/wp-content\/uploads\/2021\/10\/IMG_1675-1024x401.jpg 1024w, https:\/\/www.detouteslescouleurs.fr\/wp-content\/uploads\/2021\/10\/IMG_1675-1536x602.jpg 1536w, https:\/\/www.detouteslescouleurs.fr\/wp-content\/uploads\/2021\/10\/IMG_1675.jpg 1994w\" sizes=\"auto, (max-width: 768px) 100vw, 768px\" \/>\t\t\t\t\t\t\t\t\t\t\t\t\t\t\t<\/div>\n\t\t\t\t<\/div>\n\t\t\t\t<div class=\"elementor-element elementor-element-f52edd4 elementor-widget elementor-widget-heading\" data-id=\"f52edd4\" data-element_type=\"widget\" data-widget_type=\"heading.default\">\n\t\t\t\t<div class=\"elementor-widget-container\">\n\t\t\t<h2 class=\"elementor-heading-title elementor-size-default\">Source : rarechromo.org<\/h2>\t\t<\/div>\n\t\t\t\t<\/div>\n\t\t\t\t\t<\/div>\n\t\t<\/div>\n\t\t\t\t\t\t\t<\/div>\n\t\t<\/section>\n\t\t\t\t<section class=\"elementor-section elementor-top-section elementor-element elementor-element-c342dd3 elementor-section-boxed elementor-section-height-default elementor-section-height-default\" data-id=\"c342dd3\" data-element_type=\"section\">\n\t\t\t\t\t\t<div class=\"elementor-container elementor-column-gap-default\">\n\t\t\t\t\t<div class=\"elementor-column elementor-col-100 elementor-top-column elementor-element elementor-element-b78b5be\" data-id=\"b78b5be\" data-element_type=\"column\">\n\t\t\t<div class=\"elementor-widget-wrap elementor-element-populated\">\n\t\t\t\t\t\t\t\t<div class=\"elementor-element elementor-element-d0b5954 elementor-widget elementor-widget-text-editor\" data-id=\"d0b5954\" data-element_type=\"widget\" data-widget_type=\"text-editor.default\">\n\t\t\t\t<div class=\"elementor-widget-container\">\n\t\t\t\t\t\t\t<p>Il existe peu de donn\u00e9es quant \u00e0 la fr\u00e9quence de la d\u00e9l\u00e9tion. Elle est consid\u00e9r\u00e9e comme maladie rare (seuil de 1\/2000 personnes). Nous savons qu&rsquo;elle fait partie des anomalies chromosomiques courantes, et qui touche probablement plus de personnes que celles recens\u00e9es, puisque la d\u00e9l\u00e9tion peut aussi se r\u00e9v\u00e9ler asymptomatique.\u00a0\u00a0<\/p>\t\t\t\t\t\t<\/div>\n\t\t\t\t<\/div>\n\t\t\t\t\t<\/div>\n\t\t<\/div>\n\t\t\t\t\t\t\t<\/div>\n\t\t<\/section>\n\t\t\t\t<section class=\"elementor-section elementor-top-section elementor-element elementor-element-71994ae elementor-section-boxed elementor-section-height-default elementor-section-height-default\" data-id=\"71994ae\" data-element_type=\"section\">\n\t\t\t\t\t\t<div class=\"elementor-container elementor-column-gap-default\">\n\t\t\t\t\t<div class=\"elementor-column elementor-col-100 elementor-top-column elementor-element elementor-element-9223c55\" data-id=\"9223c55\" data-element_type=\"column\">\n\t\t\t<div class=\"elementor-widget-wrap elementor-element-populated\">\n\t\t\t\t\t\t\t\t<div class=\"elementor-element elementor-element-336d09a elementor-widget elementor-widget-heading\" data-id=\"336d09a\" data-element_type=\"widget\" data-widget_type=\"heading.default\">\n\t\t\t\t<div class=\"elementor-widget-container\">\n\t\t\t<h2 class=\"elementor-heading-title elementor-size-default\">CARACTERISTIQUES CLINIQUES<\/h2>\t\t<\/div>\n\t\t\t\t<\/div>\n\t\t\t\t\t<\/div>\n\t\t<\/div>\n\t\t\t\t\t\t\t<\/div>\n\t\t<\/section>\n\t\t\t\t<section class=\"elementor-section elementor-top-section elementor-element elementor-element-cdcaea4 elementor-section-boxed elementor-section-height-default elementor-section-height-default\" data-id=\"cdcaea4\" data-element_type=\"section\">\n\t\t\t\t\t\t<div class=\"elementor-container elementor-column-gap-default\">\n\t\t\t\t\t<div class=\"elementor-column elementor-col-100 elementor-top-column elementor-element elementor-element-f0be551\" data-id=\"f0be551\" data-element_type=\"column\">\n\t\t\t<div class=\"elementor-widget-wrap elementor-element-populated\">\n\t\t\t\t\t\t\t\t<div class=\"elementor-element elementor-element-c28502b elementor-widget elementor-widget-heading\" data-id=\"c28502b\" data-element_type=\"widget\" data-widget_type=\"heading.default\">\n\t\t\t\t<div class=\"elementor-widget-container\">\n\t\t\t<h2 class=\"elementor-heading-title elementor-size-default\"><br>- <i>Il est important de noter que la d\u00e9l\u00e9tion 16p11.2 est \u00e0 expression variable, la gravit\u00e9 et les manifestations cliniques peuvent donc varier consid\u00e9rablement d'un individu \u00e0 l'autre.<\/i><\/h2>\t\t<\/div>\n\t\t\t\t<\/div>\n\t\t\t\t\t<\/div>\n\t\t<\/div>\n\t\t\t\t\t\t\t<\/div>\n\t\t<\/section>\n\t\t\t\t<section class=\"elementor-section elementor-top-section elementor-element elementor-element-49fd094 elementor-section-boxed elementor-section-height-default elementor-section-height-default\" data-id=\"49fd094\" data-element_type=\"section\">\n\t\t\t\t\t\t<div class=\"elementor-container elementor-column-gap-default\">\n\t\t\t\t\t<div class=\"elementor-column elementor-col-100 elementor-top-column elementor-element elementor-element-93bfae5\" data-id=\"93bfae5\" data-element_type=\"column\">\n\t\t\t<div class=\"elementor-widget-wrap elementor-element-populated\">\n\t\t\t\t\t\t\t\t<div class=\"elementor-element elementor-element-55f59d1 elementor-icon-list--layout-traditional elementor-list-item-link-full_width elementor-widget elementor-widget-icon-list\" data-id=\"55f59d1\" data-element_type=\"widget\" data-widget_type=\"icon-list.default\">\n\t\t\t\t<div class=\"elementor-widget-container\">\n\t\t\t\t\t<ul class=\"elementor-icon-list-items\">\n\t\t\t\t\t\t\t<li class=\"elementor-icon-list-item\">\n\t\t\t\t\t\t\t\t\t\t\t<span class=\"elementor-icon-list-icon\">\n\t\t\t\t\t\t\t<i aria-hidden=\"true\" class=\"fas fa-dna\"><\/i>\t\t\t\t\t\t<\/span>\n\t\t\t\t\t\t\t\t\t\t<span class=\"elementor-icon-list-text\">Troubles du neurod\u00e9veloppement (TSA, TDAH, troubles dys, troubles du langage,...)<\/span>\n\t\t\t\t\t\t\t\t\t<\/li>\n\t\t\t\t\t\t\t\t<li class=\"elementor-icon-list-item\">\n\t\t\t\t\t\t\t\t\t\t\t<span class=\"elementor-icon-list-icon\">\n\t\t\t\t\t\t\t<i aria-hidden=\"true\" class=\"fas fa-dna\"><\/i>\t\t\t\t\t\t<\/span>\n\t\t\t\t\t\t\t\t\t\t<span class=\"elementor-icon-list-text\">Retard des acquisitions<\/span>\n\t\t\t\t\t\t\t\t\t<\/li>\n\t\t\t\t\t\t\t\t<li class=\"elementor-icon-list-item\">\n\t\t\t\t\t\t\t\t\t\t\t<span class=\"elementor-icon-list-icon\">\n\t\t\t\t\t\t\t<i aria-hidden=\"true\" class=\"fas fa-dna\"><\/i>\t\t\t\t\t\t<\/span>\n\t\t\t\t\t\t\t\t\t\t<span class=\"elementor-icon-list-text\">Troubles moteurs<\/span>\n\t\t\t\t\t\t\t\t\t<\/li>\n\t\t\t\t\t\t\t\t<li class=\"elementor-icon-list-item\">\n\t\t\t\t\t\t\t\t\t\t\t<span class=\"elementor-icon-list-icon\">\n\t\t\t\t\t\t\t<i aria-hidden=\"true\" class=\"fas fa-dna\"><\/i>\t\t\t\t\t\t<\/span>\n\t\t\t\t\t\t\t\t\t\t<span class=\"elementor-icon-list-text\">Troubles possible d'ordre psychiatrique<\/span>\n\t\t\t\t\t\t\t\t\t<\/li>\n\t\t\t\t\t\t\t\t<li class=\"elementor-icon-list-item\">\n\t\t\t\t\t\t\t\t\t\t\t<span class=\"elementor-icon-list-icon\">\n\t\t\t\t\t\t\t<i aria-hidden=\"true\" class=\"fas fa-dna\"><\/i>\t\t\t\t\t\t<\/span>\n\t\t\t\t\t\t\t\t\t\t<span class=\"elementor-icon-list-text\">Ob\u00e9sit\u00e9 \/ Troubles alimentaires<\/span>\n\t\t\t\t\t\t\t\t\t<\/li>\n\t\t\t\t\t\t\t\t<li class=\"elementor-icon-list-item\">\n\t\t\t\t\t\t\t\t\t\t\t<span class=\"elementor-icon-list-icon\">\n\t\t\t\t\t\t\t<i aria-hidden=\"true\" class=\"fas fa-dna\"><\/i>\t\t\t\t\t\t<\/span>\n\t\t\t\t\t\t\t\t\t\t<span class=\"elementor-icon-list-text\">Anomalies cardiaques<\/span>\n\t\t\t\t\t\t\t\t\t<\/li>\n\t\t\t\t\t\t\t\t<li class=\"elementor-icon-list-item\">\n\t\t\t\t\t\t\t\t\t\t\t<span class=\"elementor-icon-list-icon\">\n\t\t\t\t\t\t\t<i aria-hidden=\"true\" class=\"fas fa-dna\"><\/i>\t\t\t\t\t\t<\/span>\n\t\t\t\t\t\t\t\t\t\t<span class=\"elementor-icon-list-text\">Anomalies musculo-squelettiques<\/span>\n\t\t\t\t\t\t\t\t\t<\/li>\n\t\t\t\t\t\t\t\t<li class=\"elementor-icon-list-item\">\n\t\t\t\t\t\t\t\t\t\t\t<span class=\"elementor-icon-list-icon\">\n\t\t\t\t\t\t\t<i aria-hidden=\"true\" class=\"fas fa-dna\"><\/i>\t\t\t\t\t\t<\/span>\n\t\t\t\t\t\t\t\t\t\t<span class=\"elementor-icon-list-text\">Epilepsie<\/span>\n\t\t\t\t\t\t\t\t\t<\/li>\n\t\t\t\t\t\t<\/ul>\n\t\t\t\t<\/div>\n\t\t\t\t<\/div>\n\t\t\t\t\t<\/div>\n\t\t<\/div>\n\t\t\t\t\t\t\t<\/div>\n\t\t<\/section>\n\t\t\t\t<section class=\"elementor-section elementor-top-section elementor-element elementor-element-2490eb8 elementor-section-boxed elementor-section-height-default elementor-section-height-default\" data-id=\"2490eb8\" data-element_type=\"section\">\n\t\t\t\t\t\t<div class=\"elementor-container elementor-column-gap-default\">\n\t\t\t\t\t<div class=\"elementor-column elementor-col-100 elementor-top-column elementor-element elementor-element-c2c8ee4\" data-id=\"c2c8ee4\" data-element_type=\"column\">\n\t\t\t<div class=\"elementor-widget-wrap elementor-element-populated\">\n\t\t\t\t\t\t\t\t<div class=\"elementor-element elementor-element-81a75ac elementor-widget elementor-widget-heading\" data-id=\"81a75ac\" data-element_type=\"widget\" data-widget_type=\"heading.default\">\n\t\t\t\t<div class=\"elementor-widget-container\">\n\t\t\t<h2 class=\"elementor-heading-title elementor-size-default\">LE DIAGNOSTIC<\/h2>\t\t<\/div>\n\t\t\t\t<\/div>\n\t\t\t\t\t<\/div>\n\t\t<\/div>\n\t\t\t\t\t\t\t<\/div>\n\t\t<\/section>\n\t\t\t\t<section class=\"elementor-section elementor-top-section elementor-element elementor-element-22dfa12 elementor-section-boxed elementor-section-height-default elementor-section-height-default\" data-id=\"22dfa12\" data-element_type=\"section\">\n\t\t\t\t\t\t<div class=\"elementor-container elementor-column-gap-default\">\n\t\t\t\t\t<div class=\"elementor-column elementor-col-100 elementor-top-column elementor-element elementor-element-001ffdd\" data-id=\"001ffdd\" data-element_type=\"column\">\n\t\t\t<div class=\"elementor-widget-wrap elementor-element-populated\">\n\t\t\t\t\t\t\t\t<div class=\"elementor-element elementor-element-b9eae53 elementor-widget elementor-widget-text-editor\" data-id=\"b9eae53\" data-element_type=\"widget\" data-widget_type=\"text-editor.default\">\n\t\t\t\t<div class=\"elementor-widget-container\">\n\t\t\t\t\t\t\t<p>Si les manifestations cliniques de la d\u00e9l\u00e9tion 16p11.2 se pr\u00e9sentent, le diagnostic ne pourra \u00eatre pos\u00e9 que suite \u00e0 des tests g\u00e9n\u00e9tiques r\u00e9alis\u00e9s \u00e0 partir d&rsquo;une prise de sang. Seul ce r\u00e9sultat pourra confirmer le diagnostic clinique. Les tests g\u00e9n\u00e9tiques sont r\u00e9alis\u00e9s suite \u00e0 une rencontre avec un g\u00e9n\u00e9ticien. Le diagnostic est souvent pos\u00e9 dans la petite enfance, mais il peut tout \u00e0 fait arriver \u00e0 diff\u00e9rents stades.<\/p><p>Un <strong>diagnostic pr\u00e9natal<\/strong> peut \u00eatre r\u00e9alis\u00e9 suite \u00e0 des anomalies observ\u00e9es lors d&rsquo;une \u00e9chographie ou si l&rsquo;un des parents est porteur de la d\u00e9l\u00e9tion 16p11.2. Plusieurs m\u00e9thodes existent pour ce d\u00e9pistage (amniocent\u00e8se, choriocent\u00e8se). Si la d\u00e9l\u00e9tion 16p11.2 est d\u00e9couverte lors de ces examens, le g\u00e9n\u00e9ticien en informera la famille mais ne pourra pas donner d&rsquo;estimation quant \u00e0 la gravit\u00e9 des sympt\u00f4mes pour le futur enfant, sauf concernant une \u00e9ventuelle malformation d\u00e9j\u00e0 existante.\u00a0<\/p><p>A la <strong>naissance<\/strong>, suite \u00e0 une anomalie cardiaque ou d&rsquo;autres observations cliniques, un lien avec le service de g\u00e9n\u00e9tique pourra \u00eatre envisag\u00e9 pour un diagnostic g\u00e9n\u00e9tique.<\/p><p>Chez <strong>l&rsquo;enfant<\/strong>, le premier signe d&rsquo;alerte est souvent le retard de langage, mais un retard global de d\u00e9veloppement, des troubles d&rsquo;apprentissages ou troubles du spectre autistique am\u00e8nent souvent les familles \u00e0 consulter. Suite aux observations cliniques, les m\u00e9decins ou professionnels de sant\u00e9 orientent vers un service de g\u00e9n\u00e9tique.<\/p><p>A l&rsquo;<strong>\u00e2ge adulte<\/strong>, il s&rsquo;agit plus g\u00e9n\u00e9ralement de personnes diagnostiqu\u00e9es suite au diagnostic de leur enfant.<\/p>\t\t\t\t\t\t<\/div>\n\t\t\t\t<\/div>\n\t\t\t\t\t<\/div>\n\t\t<\/div>\n\t\t\t\t\t\t\t<\/div>\n\t\t<\/section>\n\t\t\t\t<section class=\"elementor-section elementor-top-section elementor-element elementor-element-87b0aff elementor-section-boxed elementor-section-height-default elementor-section-height-default\" data-id=\"87b0aff\" data-element_type=\"section\">\n\t\t\t\t\t\t<div class=\"elementor-container elementor-column-gap-default\">\n\t\t\t\t\t<div class=\"elementor-column elementor-col-100 elementor-top-column elementor-element elementor-element-f769b37\" data-id=\"f769b37\" data-element_type=\"column\">\n\t\t\t<div class=\"elementor-widget-wrap elementor-element-populated\">\n\t\t\t\t\t\t\t\t<div class=\"elementor-element elementor-element-3425bc8 elementor-view-default elementor-widget elementor-widget-icon\" data-id=\"3425bc8\" data-element_type=\"widget\" data-widget_type=\"icon.default\">\n\t\t\t\t<div class=\"elementor-widget-container\">\n\t\t\t\t\t<div class=\"elementor-icon-wrapper\">\n\t\t\t<div class=\"elementor-icon\">\n\t\t\t<i aria-hidden=\"true\" class=\"fas fa-star\"><\/i>\t\t\t<\/div>\n\t\t<\/div>\n\t\t\t\t<\/div>\n\t\t\t\t<\/div>\n\t\t\t\t\t<\/div>\n\t\t<\/div>\n\t\t\t\t\t\t\t<\/div>\n\t\t<\/section>\n\t\t\t\t\t\t<\/div>\n\t\t\t\t\t<\/div>\n\t\t","protected":false},"excerpt":{"rendered":"<p>Le syndrome DEFINITION Le syndrome de microd\u00e9l\u00e9tion 16p11.2 est un syndrome rare d&rsquo;anomalie chromosomique r\u00e9sultant de la d\u00e9l\u00e9tion partielle du bras court du chromosome 16. Chez les personnes touch\u00e9es, cela veut dire qu&rsquo;une petite quantit\u00e9 d&rsquo;ADN du chromosome 16 a \u00e9t\u00e9 perdue. La manifestation et l&rsquo;importance des troubles que cela va g\u00e9n\u00e9rer d\u00e9pendent de la [&hellip;]<\/p>\n","protected":false},"author":1,"featured_media":0,"parent":0,"menu_order":0,"comment_status":"closed","ping_status":"closed","template":"elementor_header_footer","meta":{"footnotes":""},"class_list":["post-371","page","type-page","status-publish","hentry"],"_links":{"self":[{"href":"https:\/\/www.detouteslescouleurs.fr\/index.php?rest_route=\/wp\/v2\/pages\/371","targetHints":{"allow":["GET"]}}],"collection":[{"href":"https:\/\/www.detouteslescouleurs.fr\/index.php?rest_route=\/wp\/v2\/pages"}],"about":[{"href":"https:\/\/www.detouteslescouleurs.fr\/index.php?rest_route=\/wp\/v2\/types\/page"}],"author":[{"embeddable":true,"href":"https:\/\/www.detouteslescouleurs.fr\/index.php?rest_route=\/wp\/v2\/users\/1"}],"replies":[{"embeddable":true,"href":"https:\/\/www.detouteslescouleurs.fr\/index.php?rest_route=%2Fwp%2Fv2%2Fcomments&post=371"}],"version-history":[{"count":70,"href":"https:\/\/www.detouteslescouleurs.fr\/index.php?rest_route=\/wp\/v2\/pages\/371\/revisions"}],"predecessor-version":[{"id":907,"href":"https:\/\/www.detouteslescouleurs.fr\/index.php?rest_route=\/wp\/v2\/pages\/371\/revisions\/907"}],"wp:attachment":[{"href":"https:\/\/www.detouteslescouleurs.fr\/index.php?rest_route=%2Fwp%2Fv2%2Fmedia&parent=371"}],"curies":[{"name":"wp","href":"https:\/\/api.w.org\/{rel}","templated":true}]}}