{"id":302,"date":"2021-10-17T12:00:50","date_gmt":"2021-10-17T12:00:50","guid":{"rendered":"http:\/\/www.detouteslescouleurs.fr\/?page_id=302"},"modified":"2026-05-11T17:04:05","modified_gmt":"2026-05-11T17:04:05","slug":"deletion","status":"publish","type":"page","link":"https:\/\/www.detouteslescouleurs.fr\/?page_id=302","title":{"rendered":"DELETION"},"content":{"rendered":"\t\t<div data-elementor-type=\"wp-page\" data-elementor-id=\"302\" class=\"elementor elementor-302\" data-elementor-settings=\"[]\">\n\t\t\t\t\t\t\t<div class=\"elementor-section-wrap\">\n\t\t\t\t\t\t\t<section class=\"elementor-section elementor-top-section elementor-element elementor-element-360c567 elementor-section-height-min-height elementor-section-boxed elementor-section-height-default elementor-section-items-middle\" data-id=\"360c567\" data-element_type=\"section\" data-settings=\"{&quot;background_background&quot;:&quot;classic&quot;}\">\n\t\t\t\t\t\t\t<div class=\"elementor-background-overlay\"><\/div>\n\t\t\t\t\t\t\t<div class=\"elementor-container elementor-column-gap-default\">\n\t\t\t\t\t<div class=\"elementor-column elementor-col-100 elementor-top-column elementor-element elementor-element-e597c94\" data-id=\"e597c94\" data-element_type=\"column\">\n\t\t\t<div class=\"elementor-widget-wrap elementor-element-populated\">\n\t\t\t\t\t\t\t\t<div class=\"elementor-element elementor-element-983a00b elementor-widget elementor-widget-heading\" data-id=\"983a00b\" data-element_type=\"widget\" data-widget_type=\"heading.default\">\n\t\t\t\t<div class=\"elementor-widget-container\">\n\t\t\t<h2 class=\"elementor-heading-title elementor-size-default\">LA DELETION 16p11.2<\/h2>\t\t<\/div>\n\t\t\t\t<\/div>\n\t\t\t\t\t<\/div>\n\t\t<\/div>\n\t\t\t\t\t\t\t<\/div>\n\t\t<\/section>\n\t\t\t\t<section class=\"elementor-section elementor-top-section elementor-element elementor-element-d5433d4 elementor-section-content-middle elementor-section-boxed elementor-section-height-default elementor-section-height-default\" data-id=\"d5433d4\" data-element_type=\"section\">\n\t\t\t\t\t\t<div class=\"elementor-container elementor-column-gap-default\">\n\t\t\t\t\t<div class=\"elementor-column elementor-col-100 elementor-top-column elementor-element elementor-element-9a13055\" data-id=\"9a13055\" data-element_type=\"column\">\n\t\t\t<div class=\"elementor-widget-wrap elementor-element-populated\">\n\t\t\t\t\t\t\t\t<div class=\"elementor-element elementor-element-d55c2a2 elementor-widget elementor-widget-heading\" data-id=\"d55c2a2\" data-element_type=\"widget\" data-widget_type=\"heading.default\">\n\t\t\t\t<div class=\"elementor-widget-container\">\n\t\t\t<h2 class=\"elementor-heading-title elementor-size-default\">EN SAVOIR PLUS SUR LA DELETION 16P11.2<br>Retrouvez ici les sympt\u00f4mes de la d\u00e9l\u00e9tion, les r\u00e9percussions sur le quotidien et lisez de pr\u00e9cieux t\u00e9moignages de parents d'enfants porteurs.<\/h2>\t\t<\/div>\n\t\t\t\t<\/div>\n\t\t\t\t\t<\/div>\n\t\t<\/div>\n\t\t\t\t\t\t\t<\/div>\n\t\t<\/section>\n\t\t\t\t<section class=\"elementor-section elementor-top-section elementor-element elementor-element-7f7df36 elementor-section-boxed elementor-section-height-default elementor-section-height-default\" data-id=\"7f7df36\" data-element_type=\"section\">\n\t\t\t\t\t\t<div class=\"elementor-container elementor-column-gap-default\">\n\t\t\t\t\t<div class=\"elementor-column elementor-col-33 elementor-top-column elementor-element elementor-element-62ed4d1\" data-id=\"62ed4d1\" data-element_type=\"column\" data-settings=\"{&quot;background_background&quot;:&quot;classic&quot;}\">\n\t\t\t<div class=\"elementor-widget-wrap elementor-element-populated\">\n\t\t\t\t\t\t\t\t<div class=\"elementor-element elementor-element-5306ad5 elementor-widget elementor-widget-heading\" data-id=\"5306ad5\" data-element_type=\"widget\" data-widget_type=\"heading.default\">\n\t\t\t\t<div class=\"elementor-widget-container\">\n\t\t\t<h2 class=\"elementor-heading-title elementor-size-default\"><a href=\"http:\/\/www.detouteslescouleurs.fr\/?page_id=371\">Le syndrome<\/a><\/h2>\t\t<\/div>\n\t\t\t\t<\/div>\n\t\t\t\t<div class=\"elementor-element elementor-element-979d231 elementor-widget elementor-widget-image\" data-id=\"979d231\" data-element_type=\"widget\" data-widget_type=\"image.default\">\n\t\t\t\t<div class=\"elementor-widget-container\">\n\t\t\t\t\t\t\t\t\t\t\t\t\t\t\t\t<a href=\"http:\/\/www.detouteslescouleurs.fr\/?page_id=371\">\n\t\t\t\t\t\t\t<img loading=\"lazy\" decoding=\"async\" width=\"600\" height=\"338\" src=\"https:\/\/www.detouteslescouleurs.fr\/wp-content\/uploads\/2026\/05\/3d-illustration-x-chromosomes-scientific-600nw-2738025171.webp\" class=\"attachment-large size-large\" alt=\"\" srcset=\"https:\/\/www.detouteslescouleurs.fr\/wp-content\/uploads\/2026\/05\/3d-illustration-x-chromosomes-scientific-600nw-2738025171.webp 600w, https:\/\/www.detouteslescouleurs.fr\/wp-content\/uploads\/2026\/05\/3d-illustration-x-chromosomes-scientific-600nw-2738025171-300x169.webp 300w\" sizes=\"auto, (max-width: 600px) 100vw, 600px\" \/>\t\t\t\t\t\t\t\t<\/a>\n\t\t\t\t\t\t\t\t\t\t\t\t\t\t\t<\/div>\n\t\t\t\t<\/div>\n\t\t\t\t\t<\/div>\n\t\t<\/div>\n\t\t\t\t<div class=\"elementor-column elementor-col-33 elementor-top-column elementor-element elementor-element-9b6234f\" data-id=\"9b6234f\" data-element_type=\"column\" data-settings=\"{&quot;background_background&quot;:&quot;classic&quot;}\">\n\t\t\t<div class=\"elementor-widget-wrap elementor-element-populated\">\n\t\t\t\t\t\t\t\t<div class=\"elementor-element elementor-element-b1d9d0b elementor-widget elementor-widget-heading\" data-id=\"b1d9d0b\" data-element_type=\"widget\" data-widget_type=\"heading.default\">\n\t\t\t\t<div class=\"elementor-widget-container\">\n\t\t\t<h2 class=\"elementor-heading-title elementor-size-default\"><a href=\"http:\/\/www.detouteslescouleurs.fr\/?page_id=411\">Le quotidien<\/a><\/h2>\t\t<\/div>\n\t\t\t\t<\/div>\n\t\t\t\t<div class=\"elementor-element elementor-element-ddd577a elementor-widget elementor-widget-image\" data-id=\"ddd577a\" data-element_type=\"widget\" data-widget_type=\"image.default\">\n\t\t\t\t<div class=\"elementor-widget-container\">\n\t\t\t\t\t\t\t\t\t\t\t\t\t\t\t\t<a href=\"http:\/\/www.detouteslescouleurs.fr\/?page_id=411\">\n\t\t\t\t\t\t\t<img loading=\"lazy\" decoding=\"async\" width=\"800\" height=\"452\" src=\"https:\/\/www.detouteslescouleurs.fr\/wp-content\/uploads\/2026\/05\/cognizantsocialmobility-1024x578.png\" class=\"attachment-large size-large\" alt=\"\" srcset=\"https:\/\/www.detouteslescouleurs.fr\/wp-content\/uploads\/2026\/05\/cognizantsocialmobility-1024x578.png 1024w, https:\/\/www.detouteslescouleurs.fr\/wp-content\/uploads\/2026\/05\/cognizantsocialmobility-300x169.png 300w, https:\/\/www.detouteslescouleurs.fr\/wp-content\/uploads\/2026\/05\/cognizantsocialmobility-768x434.png 768w, https:\/\/www.detouteslescouleurs.fr\/wp-content\/uploads\/2026\/05\/cognizantsocialmobility-1536x867.png 1536w, https:\/\/www.detouteslescouleurs.fr\/wp-content\/uploads\/2026\/05\/cognizantsocialmobility.png 1923w\" sizes=\"auto, (max-width: 800px) 100vw, 800px\" \/>\t\t\t\t\t\t\t\t<\/a>\n\t\t\t\t\t\t\t\t\t\t\t\t\t\t\t<\/div>\n\t\t\t\t<\/div>\n\t\t\t\t\t<\/div>\n\t\t<\/div>\n\t\t\t\t<div class=\"elementor-column elementor-col-33 elementor-top-column elementor-element elementor-element-c420355\" data-id=\"c420355\" data-element_type=\"column\" data-settings=\"{&quot;background_background&quot;:&quot;classic&quot;}\">\n\t\t\t<div class=\"elementor-widget-wrap elementor-element-populated\">\n\t\t\t\t\t\t\t\t<div class=\"elementor-element elementor-element-c16938b elementor-widget elementor-widget-heading\" data-id=\"c16938b\" data-element_type=\"widget\" data-widget_type=\"heading.default\">\n\t\t\t\t<div class=\"elementor-widget-container\">\n\t\t\t<h2 class=\"elementor-heading-title elementor-size-default\"><a href=\"http:\/\/www.detouteslescouleurs.fr\/?page_id=426\">T\u00e9moignages<\/a><\/h2>\t\t<\/div>\n\t\t\t\t<\/div>\n\t\t\t\t<div class=\"elementor-element elementor-element-0a0c73d elementor-widget elementor-widget-image\" data-id=\"0a0c73d\" data-element_type=\"widget\" data-widget_type=\"image.default\">\n\t\t\t\t<div class=\"elementor-widget-container\">\n\t\t\t\t\t\t\t\t\t\t\t\t\t\t\t\t<a href=\"http:\/\/www.detouteslescouleurs.fr\/?page_id=426\">\n\t\t\t\t\t\t\t<img decoding=\"async\" src=\"https:\/\/www.detouteslescouleurs.fr\/wp-content\/uploads\/elementor\/thumbs\/groupe-personnes-diverses-engagees-dans-conversation-contre-fond-bulle-parole-coloree-mettant-valeur-communication-collaboration_995663-20001-rnahwgb3n9cxbzdejip7fhalwt7uviqjr8apcsx7gg.avif\" title=\"groupe-personnes-diverses-engagees-dans-conversation-contre-fond-bulle-parole-coloree-mettant-valeur-communication-collaboration_995663-20001\" alt=\"groupe-personnes-diverses-engagees-dans-conversation-contre-fond-bulle-parole-coloree-mettant-valeur-communication-collaboration_995663-20001\" \/>\t\t\t\t\t\t\t\t<\/a>\n\t\t\t\t\t\t\t\t\t\t\t\t\t\t\t<\/div>\n\t\t\t\t<\/div>\n\t\t\t\t\t<\/div>\n\t\t<\/div>\n\t\t\t\t\t\t\t<\/div>\n\t\t<\/section>\n\t\t\t\t\t\t<\/div>\n\t\t\t\t\t<\/div>\n\t\t","protected":false},"excerpt":{"rendered":"<p>LA DELETION 16p11.2 EN SAVOIR PLUS SUR LA DELETION 16P11.2Retrouvez ici les sympt\u00f4mes de la d\u00e9l\u00e9tion, les r\u00e9percussions sur le quotidien et lisez de pr\u00e9cieux t\u00e9moignages de parents d&rsquo;enfants porteurs. Le syndrome Le quotidien T\u00e9moignages<\/p>\n","protected":false},"author":1,"featured_media":0,"parent":0,"menu_order":0,"comment_status":"closed","ping_status":"closed","template":"elementor_header_footer","meta":{"footnotes":""},"class_list":["post-302","page","type-page","status-publish","hentry"],"_links":{"self":[{"href":"https:\/\/www.detouteslescouleurs.fr\/index.php?rest_route=\/wp\/v2\/pages\/302","targetHints":{"allow":["GET"]}}],"collection":[{"href":"https:\/\/www.detouteslescouleurs.fr\/index.php?rest_route=\/wp\/v2\/pages"}],"about":[{"href":"https:\/\/www.detouteslescouleurs.fr\/index.php?rest_route=\/wp\/v2\/types\/page"}],"author":[{"embeddable":true,"href":"https:\/\/www.detouteslescouleurs.fr\/index.php?rest_route=\/wp\/v2\/users\/1"}],"replies":[{"embeddable":true,"href":"https:\/\/www.detouteslescouleurs.fr\/index.php?rest_route=%2Fwp%2Fv2%2Fcomments&post=302"}],"version-history":[{"count":69,"href":"https:\/\/www.detouteslescouleurs.fr\/index.php?rest_route=\/wp\/v2\/pages\/302\/revisions"}],"predecessor-version":[{"id":1252,"href":"https:\/\/www.detouteslescouleurs.fr\/index.php?rest_route=\/wp\/v2\/pages\/302\/revisions\/1252"}],"wp:attachment":[{"href":"https:\/\/www.detouteslescouleurs.fr\/index.php?rest_route=%2Fwp%2Fv2%2Fmedia&parent=302"}],"curies":[{"name":"wp","href":"https:\/\/api.w.org\/{rel}","templated":true}]}}